{"id":44,"date":"2026-01-03T10:02:21","date_gmt":"2026-01-03T10:02:21","guid":{"rendered":"https:\/\/voltronsolaire.fr\/index.php\/accueil\/"},"modified":"2026-01-10T08:32:51","modified_gmt":"2026-01-10T08:32:51","slug":"accueil","status":"publish","type":"page","link":"https:\/\/voltronsolaire.fr\/","title":{"rendered":"Accueil"},"content":{"rendered":"\n<div class=\"wp-block-cover alignfull is-light hestia-clear-top-padding\"><span aria-hidden=\"true\" class=\"wp-block-cover__background has-white-background-color has-background-dim-100 has-background-dim\"><\/span><div class=\"wp-block-cover__inner-container is-layout-flow wp-block-cover-is-layout-flow\">\n<h2 class=\"wp-block-heading has-text-align-center has-text-color\" style=\"color:#3c4858\"><\/h2>\n\n\n\n<div class=\"wp-block-columns container is-layout-flex wp-container-core-columns-is-layout-28f84493 wp-block-columns-is-layout-flex\">\n<div class=\"wp-block-column is-layout-flow wp-block-column-is-layout-flow\"><div class=\"wp-block-image\">\n<figure class=\"aligncenter size-full is-resized\"><img loading=\"lazy\" decoding=\"async\" width=\"241\" height=\"361\" src=\"https:\/\/voltronsolaire.fr\/wp-content\/uploads\/2026\/01\/panneausolaire.webp\" alt=\"\" class=\"wp-image-49\" style=\"aspect-ratio:0.667408220040221;width:68px;height:auto\" srcset=\"https:\/\/voltronsolaire.fr\/wp-content\/uploads\/2026\/01\/panneausolaire.webp 241w, https:\/\/voltronsolaire.fr\/wp-content\/uploads\/2026\/01\/panneausolaire-200x300.webp 200w\" sizes=\"auto, (max-width: 241px) 100vw, 241px\" \/><\/figure>\n<\/div>\n\n\n<h5 class=\"wp-block-heading has-text-align-center has-text-color\" style=\"color:#3c4858;font-size:18px\">Technologie<\/h5>\n\n\n\n<p class=\"has-text-align-center has-text-color\" style=\"color:#999999;font-size:14px\">Les panneaux solaires convertissent l&rsquo;\u00e9nergie du soleil en \u00e9lectricit\u00e9. Ils fonctionnent gr\u00e2ce \u00e0 des cellules photovolta\u00efques qui captent les rayons lumineux et les convertissent en courant \u00e9lectrique. Les panneaux peuvent \u00eatre install\u00e9s sur des toitures, carport ou au sol pour produire une \u00e9nergie propre et durable.<\/p>\n\n\n\n<div style=\"height:25px\" aria-hidden=\"true\" class=\"wp-block-spacer\"><\/div>\n<\/div>\n\n\n\n<div class=\"wp-block-column is-layout-flow wp-block-column-is-layout-flow\">\n<figure class=\"wp-block-gallery aligncenter has-nested-images columns-default is-cropped wp-block-gallery-1 is-layout-flex wp-block-gallery-is-layout-flex\"><div class=\"wp-block-image\">\n<figure class=\"aligncenter size-large\"><img decoding=\"async\" data-id=\"71\" src=\"https:\/\/voltronsolaire.fr\/wp-content\/themes\/hestia\/assets\/img\/feat2.png\" alt=\"\" class=\"wp-image-71\"\/><\/figure>\n<\/div><\/figure>\n\n\n\n<h5 class=\"wp-block-heading has-text-align-center has-text-color\" style=\"color:#3c4858;font-size:18px\">Avantages<\/h5>\n\n\n\n<p class=\"has-text-align-center has-text-color\" style=\"color:#999999;font-size:14px\">Les panneaux solaires sont un moyen \u00e9cologique, durable et fiable d\u2019obtenir de l\u2019\u00e9nergie. Ils sont tr\u00e8s efficaces, une installation peut produire jusqu\u2019\u00e0 90 % de l\u2019\u00e9lectricit\u00e9 n\u00e9cessaire \u00e0 un foyer. De plus, ils n\u2019ont pas de pi\u00e8ces mobiles et n\u00e9cessitent tr\u00e8s peu d\u2019entretien. Une fois install\u00e9s, vous b\u00e9n\u00e9ficierez d\u2019une source d\u2019\u00e9nergie renouvelable, durable et fiable pour votre maison.<\/p>\n\n\n\n<div style=\"height:25px\" aria-hidden=\"true\" class=\"wp-block-spacer\"><\/div>\n<\/div>\n\n\n\n<div class=\"wp-block-column is-layout-flow wp-block-column-is-layout-flow\"><div class=\"wp-block-image\">\n<figure class=\"aligncenter size-large\"><img decoding=\"async\" src=\"https:\/\/voltronsolaire.fr\/wp-content\/themes\/hestia\/assets\/img\/feat3.png\" alt=\"\" class=\"wp-image-72\"\/><\/figure>\n<\/div>\n\n\n<h5 class=\"wp-block-heading has-text-align-center has-text-color\" style=\"color:#3c4858;font-size:18px\">Savoir Faire<\/h5>\n\n\n\n<p class=\"has-text-align-center has-text-color\" style=\"color:#999999;font-size:14px\">Notre \u00e9quipe poss\u00e8de une exp\u00e9rience et un savoir-faire reconnu pour la conception et l&rsquo;installation de syst\u00e8mes solaires. Nous proposons des solutions sur mesure qui sont con\u00e7ues pour optimiser l&rsquo;efficacit\u00e9 de vos panneaux solaires et cr\u00e9er un syst\u00e8me durable et rentable pour votre foyer.<\/p>\n\n\n\n<div style=\"height:25px\" aria-hidden=\"true\" class=\"wp-block-spacer\"><\/div>\n<\/div>\n<\/div>\n\n\n\n<div style=\"height:40px\" aria-hidden=\"true\" class=\"wp-block-spacer\"><\/div>\n<\/div><\/div>\n","protected":false},"excerpt":{"rendered":"","protected":false},"author":1,"featured_media":0,"parent":0,"menu_order":0,"comment_status":"closed","ping_status":"closed","template":"","meta":{"footnotes":""},"class_list":["post-44","page","type-page","status-publish","hentry"],"_links":{"self":[{"href":"https:\/\/voltronsolaire.fr\/index.php\/wp-json\/wp\/v2\/pages\/44","targetHints":{"allow":["GET"]}}],"collection":[{"href":"https:\/\/voltronsolaire.fr\/index.php\/wp-json\/wp\/v2\/pages"}],"about":[{"href":"https:\/\/voltronsolaire.fr\/index.php\/wp-json\/wp\/v2\/types\/page"}],"author":[{"embeddable":true,"href":"https:\/\/voltronsolaire.fr\/index.php\/wp-json\/wp\/v2\/users\/1"}],"replies":[{"embeddable":true,"href":"https:\/\/voltronsolaire.fr\/index.php\/wp-json\/wp\/v2\/comments?post=44"}],"version-history":[{"count":2,"href":"https:\/\/voltronsolaire.fr\/index.php\/wp-json\/wp\/v2\/pages\/44\/revisions"}],"predecessor-version":[{"id":50,"href":"https:\/\/voltronsolaire.fr\/index.php\/wp-json\/wp\/v2\/pages\/44\/revisions\/50"}],"wp:attachment":[{"href":"https:\/\/voltronsolaire.fr\/index.php\/wp-json\/wp\/v2\/media?parent=44"}],"curies":[{"name":"wp","href":"https:\/\/api.w.org\/{rel}","templated":true}]}}